{"id":822,"date":"2023-10-15T17:22:07","date_gmt":"2023-10-15T17:22:07","guid":{"rendered":"http:\/\/localhost\/newteston\/?page_id=822"},"modified":"2023-11-03T12:49:55","modified_gmt":"2023-11-03T12:49:55","slug":"about-us","status":"publish","type":"page","link":"https:\/\/usadrugtesting.org\/spanish\/about-us\/","title":{"rendered":"About US"},"content":{"rendered":"\t\t<div data-elementor-type=\"wp-page\" data-elementor-id=\"822\" class=\"elementor elementor-822\">\n\t\t\t\t\t\t<section class=\"elementor-section elementor-top-section elementor-element elementor-element-c207217 elementor-section-boxed elementor-section-height-default elementor-section-height-default\" data-id=\"c207217\" data-element_type=\"section\" data-settings=\"{&quot;background_background&quot;:&quot;classic&quot;}\">\n\t\t\t\t\t\t\t<div class=\"elementor-background-overlay\"><\/div>\n\t\t\t\t\t\t\t<div class=\"elementor-container elementor-column-gap-no\">\n\t\t\t\t\t<div class=\"elementor-column elementor-col-100 elementor-top-column elementor-element elementor-element-0fcfb01\" data-id=\"0fcfb01\" data-element_type=\"column\">\n\t\t\t<div class=\"elementor-widget-wrap elementor-element-populated\">\n\t\t\t\t\t\t<div class=\"elementor-element elementor-element-27b343d elementor-widget elementor-widget-heading\" data-id=\"27b343d\" data-element_type=\"widget\" data-widget_type=\"heading.default\">\n\t\t\t\t<div class=\"elementor-widget-container\">\n\t\t\t\t\t<h1 class=\"elementor-heading-title elementor-size-default\">ACERCA DE NOSOTROS<\/h1>\t\t\t\t<\/div>\n\t\t\t\t<\/div>\n\t\t\t\t\t<\/div>\n\t\t<\/div>\n\t\t\t\t\t<\/div>\n\t\t<\/section>\n\t\t\t\t<section class=\"elementor-section elementor-top-section elementor-element elementor-element-79c12e2 elementor-section-boxed elementor-section-height-default elementor-section-height-default\" data-id=\"79c12e2\" data-element_type=\"section\" data-settings=\"{&quot;background_background&quot;:&quot;classic&quot;}\">\n\t\t\t\t\t\t<div class=\"elementor-container elementor-column-gap-no\">\n\t\t\t\t\t<div class=\"elementor-column elementor-col-50 elementor-top-column elementor-element elementor-element-b3081d0\" data-id=\"b3081d0\" data-element_type=\"column\">\n\t\t\t<div class=\"elementor-widget-wrap elementor-element-populated\">\n\t\t\t\t\t\t<div class=\"elementor-element elementor-element-8258649 elementor-widget elementor-widget-text-editor\" data-id=\"8258649\" data-element_type=\"widget\" data-widget_type=\"text-editor.default\">\n\t\t\t\t<div class=\"elementor-widget-container\">\n\t\t\t\t\t\t\t\t\t<p><span style=\"font-weight: 400;\">USA Drug Testing Consortium Inc. es una organizaci\u00f3n a nivel nacional con s\u00f3lidos v\u00ednculos en la industria del transporte comercial. Nos especializamos en proporcionar a empleadores y operadores propietarios un soporte conveniente y rentable para facilitar el cumplimiento normativo con su programa de pruebas de drogas y alcohol y\/o su programa libre de drogas, entre otros servicios para empresas de transporte.<\/span><\/p>\t\t\t\t\t\t\t\t<\/div>\n\t\t\t\t<\/div>\n\t\t\t\t\t<\/div>\n\t\t<\/div>\n\t\t\t\t<div class=\"elementor-column elementor-col-50 elementor-top-column elementor-element elementor-element-ae9ad03\" data-id=\"ae9ad03\" data-element_type=\"column\">\n\t\t\t<div class=\"elementor-widget-wrap elementor-element-populated\">\n\t\t\t\t\t\t<div class=\"elementor-element elementor-element-0d5d104 elementor-widget elementor-widget-image\" data-id=\"0d5d104\" data-element_type=\"widget\" data-widget_type=\"image.default\">\n\t\t\t\t<div class=\"elementor-widget-container\">\n\t\t\t\t\t\t\t\t\t\t\t\t\t\t\t<img fetchpriority=\"high\" decoding=\"async\" width=\"960\" height=\"640\" src=\"https:\/\/usadrugtesting.org\/spanish\/wp-content\/uploads\/2023\/10\/AE5F3723-9DD4-4A57-A432-9D0E66EDFF4D.jpeg\" class=\"attachment-large size-large wp-image-961\" alt=\"\" srcset=\"https:\/\/usadrugtesting.org\/spanish\/wp-content\/uploads\/2023\/10\/AE5F3723-9DD4-4A57-A432-9D0E66EDFF4D.jpeg 960w, https:\/\/usadrugtesting.org\/spanish\/wp-content\/uploads\/2023\/10\/AE5F3723-9DD4-4A57-A432-9D0E66EDFF4D-300x200.jpeg 300w, https:\/\/usadrugtesting.org\/spanish\/wp-content\/uploads\/2023\/10\/AE5F3723-9DD4-4A57-A432-9D0E66EDFF4D-768x512.jpeg 768w\" sizes=\"(max-width: 960px) 100vw, 960px\" \/>\t\t\t\t\t\t\t\t\t\t\t\t\t\t\t<\/div>\n\t\t\t\t<\/div>\n\t\t\t\t\t<\/div>\n\t\t<\/div>\n\t\t\t\t\t<\/div>\n\t\t<\/section>\n\t\t\t\t<section class=\"elementor-section elementor-top-section elementor-element elementor-element-2848d5e elementor-section-boxed elementor-section-height-default elementor-section-height-default\" data-id=\"2848d5e\" data-element_type=\"section\" data-settings=\"{&quot;background_background&quot;:&quot;classic&quot;}\">\n\t\t\t\t\t\t\t<div class=\"elementor-background-overlay\"><\/div>\n\t\t\t\t\t\t\t<div class=\"elementor-container elementor-column-gap-no\">\n\t\t\t\t\t<div class=\"elementor-column elementor-col-50 elementor-top-column elementor-element elementor-element-b7136e9\" data-id=\"b7136e9\" data-element_type=\"column\">\n\t\t\t<div class=\"elementor-widget-wrap elementor-element-populated\">\n\t\t\t\t\t\t<div class=\"elementor-element elementor-element-acdcc86 elementor-view-stacked elementor-shape-circle elementor-position-top elementor-mobile-position-top elementor-widget elementor-widget-icon-box\" data-id=\"acdcc86\" data-element_type=\"widget\" data-widget_type=\"icon-box.default\">\n\t\t\t\t<div class=\"elementor-widget-container\">\n\t\t\t\t\t\t\t<div class=\"elementor-icon-box-wrapper\">\n\n\t\t\t\t\t\t<div class=\"elementor-icon-box-icon\">\n\t\t\t\t<span  class=\"elementor-icon\">\n\t\t\t\t<i aria-hidden=\"true\" class=\"far fa-building\"><\/i>\t\t\t\t<\/span>\n\t\t\t<\/div>\n\t\t\t\n\t\t\t\t\t\t<div class=\"elementor-icon-box-content\">\n\n\t\t\t\t\t\t\t\t\t<h2 class=\"elementor-icon-box-title\">\n\t\t\t\t\t\t<span  >\n\t\t\t\t\t\t\t600+\t\t\t\t\t\t<\/span>\n\t\t\t\t\t<\/h2>\n\t\t\t\t\n\t\t\t\t\t\t\t\t\t<p class=\"elementor-icon-box-description\">\n\t\t\t\t\t\tEMPRESAS\t\t\t\t\t<\/p>\n\t\t\t\t\n\t\t\t<\/div>\n\t\t\t\n\t\t<\/div>\n\t\t\t\t\t\t<\/div>\n\t\t\t\t<\/div>\n\t\t\t\t\t<\/div>\n\t\t<\/div>\n\t\t\t\t<div class=\"elementor-column elementor-col-50 elementor-top-column elementor-element elementor-element-3b05b24\" data-id=\"3b05b24\" data-element_type=\"column\">\n\t\t\t<div class=\"elementor-widget-wrap elementor-element-populated\">\n\t\t\t\t\t\t<div class=\"elementor-element elementor-element-3aa2535 elementor-view-stacked elementor-shape-circle elementor-position-top elementor-mobile-position-top elementor-widget elementor-widget-icon-box\" data-id=\"3aa2535\" data-element_type=\"widget\" data-widget_type=\"icon-box.default\">\n\t\t\t\t<div class=\"elementor-widget-container\">\n\t\t\t\t\t\t\t<div class=\"elementor-icon-box-wrapper\">\n\n\t\t\t\t\t\t<div class=\"elementor-icon-box-icon\">\n\t\t\t\t<span  class=\"elementor-icon\">\n\t\t\t\t<i aria-hidden=\"true\" class=\"fas fa-users\"><\/i>\t\t\t\t<\/span>\n\t\t\t<\/div>\n\t\t\t\n\t\t\t\t\t\t<div class=\"elementor-icon-box-content\">\n\n\t\t\t\t\t\t\t\t\t<h2 class=\"elementor-icon-box-title\">\n\t\t\t\t\t\t<span  >\n\t\t\t\t\t\t\t6500+\t\t\t\t\t\t<\/span>\n\t\t\t\t\t<\/h2>\n\t\t\t\t\n\t\t\t\t\t\t\t\t\t<p class=\"elementor-icon-box-description\">\n\t\t\t\t\t\tPRUEBAS DE DROGAS Y ALCOHOL\n\t\t\t\t\t<\/p>\n\t\t\t\t\n\t\t\t<\/div>\n\t\t\t\n\t\t<\/div>\n\t\t\t\t\t\t<\/div>\n\t\t\t\t<\/div>\n\t\t\t\t\t<\/div>\n\t\t<\/div>\n\t\t\t\t\t<\/div>\n\t\t<\/section>\n\t\t<div class=\"elementor-element elementor-element-4edbd3f e-flex e-con-boxed e-con e-parent\" data-id=\"4edbd3f\" data-element_type=\"container\" data-settings=\"{&quot;background_background&quot;:&quot;classic&quot;}\">\n\t\t\t\t\t<div class=\"e-con-inner\">\n\t\t\t\t<div class=\"elementor-element elementor-element-87c2de2 elementor-widget elementor-widget-text-editor\" data-id=\"87c2de2\" data-element_type=\"widget\" data-widget_type=\"text-editor.default\">\n\t\t\t\t<div class=\"elementor-widget-container\">\n\t\t\t\t\t\t\t\t\t<p><span style=\"font-weight: 400;\">Ofrecemos servicios de administraci\u00f3n de consorcios y terceros (C\/TPA) para empresas reguladas por los gobiernos federal y estatal en Estados Unidos. Ayudamos a empresas de transporte de todos los tama\u00f1os a cumplir con los requisitos legales. Ya sea gestionando el programa de pruebas de un transportista motorizado propietario a nivel intrastatal o administrando el programa de pruebas de una gran y diversa empresa de transporte regulada por el DOT\/FMCSA a nivel interestatal, USA Drug Testing Consortium Inc. le ayudar\u00e1 a implementar una s\u00f3lida prevenci\u00f3n del abuso de sustancias a trav\u00e9s de un programa de pruebas que cumple o supera las normativas federales, estatales y de la industria.<\/span><\/p><p><span style=\"font-weight: 400;\">Si est\u00e1 interesado en un servicio profesional de pruebas de drogas y alcohol para sus empleados no regulados, encontrar\u00e1 que USA Drug Testing Consortium Inc. es lo suficientemente flexible para adaptarse a sus necesidades espec\u00edficas; ning\u00fan cliente ni programa es demasiado grande ni demasiado peque\u00f1o. Al elegir a USA Drug Testing Consortium Inc., puede estar seguro de que nuestros servicios cumplen con todos los requisitos estatales y federales.<\/span><\/p>\t\t\t\t\t\t\t\t<\/div>\n\t\t\t\t<\/div>\n\t\t\t\t\t<\/div>\n\t\t\t\t<\/div>\n\t\t\t\t<section class=\"elementor-section elementor-top-section elementor-element elementor-element-2453fad elementor-section-full_width elementor-section-height-default elementor-section-height-default\" data-id=\"2453fad\" data-element_type=\"section\">\n\t\t\t\t\t\t<div class=\"elementor-container elementor-column-gap-no\">\n\t\t\t\t\t<div class=\"elementor-column elementor-col-50 elementor-top-column elementor-element elementor-element-4f48a54\" data-id=\"4f48a54\" data-element_type=\"column\" data-settings=\"{&quot;background_background&quot;:&quot;classic&quot;}\">\n\t\t\t<div class=\"elementor-widget-wrap elementor-element-populated\">\n\t\t\t\t\t<div class=\"elementor-background-overlay\"><\/div>\n\t\t\t\t\t\t<section class=\"elementor-section elementor-inner-section elementor-element elementor-element-9d7157e elementor-section-boxed elementor-section-height-default elementor-section-height-default\" data-id=\"9d7157e\" data-element_type=\"section\">\n\t\t\t\t\t\t<div class=\"elementor-container elementor-column-gap-no\">\n\t\t\t\t\t<div class=\"elementor-column elementor-col-100 elementor-inner-column elementor-element elementor-element-6212996\" data-id=\"6212996\" data-element_type=\"column\">\n\t\t\t<div class=\"elementor-widget-wrap elementor-element-populated\">\n\t\t\t\t\t\t<div class=\"elementor-element elementor-element-cdcf946 elementor-widget elementor-widget-heading\" data-id=\"cdcf946\" data-element_type=\"widget\" data-widget_type=\"heading.default\">\n\t\t\t\t<div class=\"elementor-widget-container\">\n\t\t\t\t\t<h4 class=\"elementor-heading-title elementor-size-default\">ACERCA DE LOS SERVICIOS DE USA DRUG TESTING CONSORTIUM INC\n<\/h4>\t\t\t\t<\/div>\n\t\t\t\t<\/div>\n\t\t\t\t<div class=\"elementor-element elementor-element-43e7f9d elementor-widget elementor-widget-text-editor\" data-id=\"43e7f9d\" data-element_type=\"widget\" data-widget_type=\"text-editor.default\">\n\t\t\t\t<div class=\"elementor-widget-container\">\n\t\t\t\t\t\t\t\t\t<p><span style=\"font-weight: 400;\">USA Drug Testing Consortium Inc. puede brindar la administraci\u00f3n de pruebas de preempleo, pruebas aleatorias de DOT, pruebas post-accidentes, pruebas por sospecha razonable, pruebas de regreso al trabajo y pruebas de seguimiento.<\/span><\/p><p><span style=\"font-weight: 400;\">Las selecciones aleatorias se realizan trimestralmente a trav\u00e9s de un software de gesti\u00f3n calificado. Si un empleado es seleccionado para una prueba aleatoria, el Representante Designado del Empleador (DER) en la ubicaci\u00f3n recibir\u00e1 una notificaci\u00f3n confidencial que identifica al empleado por nombre y parcial del n\u00famero de seguro social, indicando el tipo de prueba a realizarse (por ejemplo, drogas o drogas y alcohol), y las instrucciones para el procedimiento de prueba.<\/span><\/p><div class=\"vc_row wpb_row vc_row-fluid vc_custom_1446374159215\"><div class=\"wpb_column vc_column_container vc_col-sm-12\"><div class=\"vc_column-inner vc_custom_1446374153527\"><div class=\"wpb_wrapper\"><div class=\"fullsize fullsize-background notopborder nobottomborder \"><div class=\"vc_row wpb_row vc_inner vc_row-fluid\"><div class=\"small-right wpb_column vc_column_container vc_col-sm-6\"><div class=\"vc_column-inner vc_custom_1452120563150\"><div class=\"wpb_wrapper\"><div class=\"offers-content fblock1 animation fadeInRight small-bottom animation-active\"><h3><span style=\"color: #ff6600;\"><span style=\"font-weight: 400;\">PARA EMPLEADOS REGULADOS POR EL DOT<\/span><\/span><\/h3><p><span style=\"font-weight: 400;\">La tasa de selecci\u00f3n de pruebas aleatorias anuales ser\u00e1 de un m\u00ednimo del 50 % para drogas y un 10% para alcohol.<\/span><\/p><p><span style=\"font-weight: 400;\">Su tarifa anual incluye la recopilaci\u00f3n de espec\u00edmenes en cualquiera de nuestros sitios de recolecci\u00f3n autorizados, la prueba del esp\u00e9cimen en nuestro laboratorio certificado, la revisi\u00f3n y el informe de resultados por un Oficial de Revisi\u00f3n M\u00e9dica (MRO) calificado, informes de resultados por su m\u00e9todo preferido al administrador del programa designado (generalmente dentro de las 24 horas desde el momento de la recolecci\u00f3n), informes estad\u00edsticos semestrales proporcionados por el laboratorio\u00a0 informes estad\u00edsticos anuales del MIS.<\/span><\/p><\/div><div class=\"offers-content fblock1 animation fadeInRight animation-active\"><h3><span style=\"color: #ff6600;\"><span style=\"font-weight: 400;\">PARA EMPLEADOS NO REGULADOS POR EL DOT<\/span><\/span><\/h3><p><span style=\"font-weight: 400;\">La tasa de selecci\u00f3n de pruebas aleatorias anuales ser\u00e1 de un m\u00ednimo del 50% para drogas y un 10% para alcohol.<\/span><\/p><\/div><div class=\"blank-spacer clearfix \">\u00a0<\/div><\/div><\/div><\/div><div class=\"wpb_column vc_column_container vc_col-sm-6 vc_col-has-fill\"><div class=\"vc_column-inner vc_custom_1452119806543\"><div class=\"wpb_wrapper\"><div class=\"blank-spacer clearfix \">\u00a0<\/div><\/div><\/div><\/div><\/div><\/div><\/div><\/div><\/div><\/div><div class=\"container nosidespadding\"><div class=\"vc_row wpb_row vc_row-fluid\"><div class=\"wpb_column vc_column_container vc_col-sm-12\"><div class=\"vc_column-inner\"><div class=\"wpb_wrapper\"><div class=\"blank-spacer clearfix \">\u00a0<\/div><div class=\"wpb_text_column wpb_content_element wpb_animate_when_almost_visible wpb_appear appear wpb_start_animation animated\"><div class=\"wpb_wrapper\">\u00a0<\/div><\/div><\/div><\/div><\/div><\/div><\/div>\t\t\t\t\t\t\t\t<\/div>\n\t\t\t\t<\/div>\n\t\t\t\t\t<\/div>\n\t\t<\/div>\n\t\t\t\t\t<\/div>\n\t\t<\/section>\n\t\t\t\t\t<\/div>\n\t\t<\/div>\n\t\t\t\t<div class=\"elementor-column elementor-col-50 elementor-top-column elementor-element elementor-element-576bbdb\" data-id=\"576bbdb\" data-element_type=\"column\" data-settings=\"{&quot;background_background&quot;:&quot;classic&quot;}\">\n\t\t\t<div class=\"elementor-widget-wrap elementor-element-populated\">\n\t\t\t\t\t<div class=\"elementor-background-overlay\"><\/div>\n\t\t\t\t\t\t<section class=\"elementor-section elementor-inner-section elementor-element elementor-element-f72103c elementor-section-boxed elementor-section-height-default elementor-section-height-default\" data-id=\"f72103c\" data-element_type=\"section\">\n\t\t\t\t\t\t<div class=\"elementor-container elementor-column-gap-no\">\n\t\t\t\t\t<div class=\"elementor-column elementor-col-100 elementor-inner-column elementor-element elementor-element-7c5f8fb\" data-id=\"7c5f8fb\" data-element_type=\"column\">\n\t\t\t<div class=\"elementor-widget-wrap elementor-element-populated\">\n\t\t\t\t\t\t<div class=\"elementor-element elementor-element-6a99e3c elementor-widget elementor-widget-text-editor\" data-id=\"6a99e3c\" data-element_type=\"widget\" data-widget_type=\"text-editor.default\">\n\t\t\t\t<div class=\"elementor-widget-container\">\n\t\t\t\t\t\t\t\t\t<p><span style=\"font-weight: 400;\">Los Formularios de Custodia y Control Federal (CCF) requeridos para las pruebas del DOT se almacenan en cada sitio de recolecci\u00f3n autorizado.<\/span><\/p><p><span style=\"font-weight: 400;\">Proporcionamos pol\u00edticas de muestra para ayudar en la elaboraci\u00f3n de una pol\u00edtica est\u00e1ndar que ayude a su organizaci\u00f3n a informar a los empleados sobre su Programa de Prevenci\u00f3n del Abuso y Uso Indebido de Drogas y Alcohol, tanto para programas regulados por el DOT como para programas de control de drogas no regulados.<\/span><\/p><p><span style=\"font-weight: 400;\">USA Drug Testing Consortium Inc. puede proporcionar los servicios de referencia de un profesional calificado en abuso de sustancias (un requisito del DOT) en caso de un resultado positivo en la prueba de drogas o una violaci\u00f3n del alcohol mayor de .04. Este Programa de Asistencia al Empleado (EAP) incluye la evaluaci\u00f3n, la recomendaci\u00f3n de tratamiento, la sugerencia de pruebas de seguimiento y, si el empleador lo decide, un programa de pruebas de seguimiento supervisadas, as\u00ed como una evaluaci\u00f3n de finalizaci\u00f3n si el empleado regresar\u00e1 a funciones de seguridad definidas por FHWA.<\/span><\/p><p><span style=\"font-weight: 400;\">Adem\u00e1s, nuestra empresa puede proporcionar capacitaci\u00f3n y certificaci\u00f3n a los supervisores y gerentes en observaci\u00f3n de comportamiento, reconocimiento de se\u00f1ales y s\u00edntomas, y los beneficios de la educaci\u00f3n sobre el uso inapropiado de drogas y alcohol. La capacitaci\u00f3n de supervisores es un requisito del DOT y debe completarse antes de que se puedan llevar a cabo las pruebas por sospecha razonable de los empleados. La capacitaci\u00f3n requiere al menos 60 minutos para completarse y est\u00e1 respaldada por el paquete de informaci\u00f3n incluido en la suscripci\u00f3n a nuestro programa, se proporciona un certificado al completarla.<\/span><\/p>\t\t\t\t\t\t\t\t<\/div>\n\t\t\t\t<\/div>\n\t\t\t\t\t<\/div>\n\t\t<\/div>\n\t\t\t\t\t<\/div>\n\t\t<\/section>\n\t\t\t\t\t<\/div>\n\t\t<\/div>\n\t\t\t\t\t<\/div>\n\t\t<\/section>\n\t\t\t\t<\/div>\n\t\t","protected":false},"excerpt":{"rendered":"<p>ACERCA DE NOSOTROS USA Drug Testing Consortium Inc. es una organizaci\u00f3n a nivel nacional con s\u00f3lidos v\u00ednculos en la industria del transporte comercial. Nos especializamos en proporcionar a empleadores y operadores propietarios un soporte conveniente y rentable para facilitar el cumplimiento normativo con su programa de pruebas de drogas y alcohol y\/o su programa libre &hellip;<\/p>\n<p class=\"read-more\"> <a class=\"\" href=\"https:\/\/usadrugtesting.org\/spanish\/about-us\/\"> <span class=\"screen-reader-text\">About US<\/span> Read More &raquo;<\/a><\/p>\n","protected":false},"author":1,"featured_media":0,"parent":0,"menu_order":0,"comment_status":"closed","ping_status":"closed","template":"","meta":{"site-sidebar-layout":"no-sidebar","site-content-layout":"page-builder","ast-site-content-layout":"full-width-container","site-content-style":"default","site-sidebar-style":"default","ast-global-header-display":"","ast-banner-title-visibility":"","ast-main-header-display":"","ast-hfb-above-header-display":"","ast-hfb-below-header-display":"","ast-hfb-mobile-header-display":"","site-post-title":"disabled","ast-breadcrumbs-content":"","ast-featured-img":"disabled","footer-sml-layout":"","theme-transparent-header-meta":"","adv-header-id-meta":"","stick-header-meta":"","header-above-stick-meta":"","header-main-stick-meta":"","header-below-stick-meta":"","astra-migrate-meta-layouts":"set","footnotes":""},"class_list":["post-822","page","type-page","status-publish","hentry"],"_links":{"self":[{"href":"https:\/\/usadrugtesting.org\/spanish\/wp-json\/wp\/v2\/pages\/822","targetHints":{"allow":["GET"]}}],"collection":[{"href":"https:\/\/usadrugtesting.org\/spanish\/wp-json\/wp\/v2\/pages"}],"about":[{"href":"https:\/\/usadrugtesting.org\/spanish\/wp-json\/wp\/v2\/types\/page"}],"author":[{"embeddable":true,"href":"https:\/\/usadrugtesting.org\/spanish\/wp-json\/wp\/v2\/users\/1"}],"replies":[{"embeddable":true,"href":"https:\/\/usadrugtesting.org\/spanish\/wp-json\/wp\/v2\/comments?post=822"}],"version-history":[{"count":44,"href":"https:\/\/usadrugtesting.org\/spanish\/wp-json\/wp\/v2\/pages\/822\/revisions"}],"predecessor-version":[{"id":1142,"href":"https:\/\/usadrugtesting.org\/spanish\/wp-json\/wp\/v2\/pages\/822\/revisions\/1142"}],"wp:attachment":[{"href":"https:\/\/usadrugtesting.org\/spanish\/wp-json\/wp\/v2\/media?parent=822"}],"curies":[{"name":"wp","href":"https:\/\/api.w.org\/{rel}","templated":true}]}}