{"id":704,"date":"2023-10-15T11:01:35","date_gmt":"2023-10-15T11:01:35","guid":{"rendered":"http:\/\/localhost\/newteston\/?page_id=704"},"modified":"2023-11-03T11:16:41","modified_gmt":"2023-11-03T11:16:41","slug":"online-application","status":"publish","type":"page","link":"https:\/\/usadrugtesting.org\/spanish\/online-application\/","title":{"rendered":"ONLINE APPLICATION"},"content":{"rendered":"\t\t<div data-elementor-type=\"wp-page\" data-elementor-id=\"704\" class=\"elementor elementor-704\">\n\t\t\t\t\t\t<section class=\"elementor-section elementor-top-section elementor-element elementor-element-0d22f7e elementor-section-boxed elementor-section-height-default elementor-section-height-default\" data-id=\"0d22f7e\" data-element_type=\"section\" data-settings=\"{&quot;background_background&quot;:&quot;classic&quot;}\">\n\t\t\t\t\t\t\t<div class=\"elementor-background-overlay\"><\/div>\n\t\t\t\t\t\t\t<div class=\"elementor-container elementor-column-gap-no\">\n\t\t\t\t\t<div class=\"elementor-column elementor-col-100 elementor-top-column elementor-element elementor-element-dedf221\" data-id=\"dedf221\" data-element_type=\"column\">\n\t\t\t<div class=\"elementor-widget-wrap elementor-element-populated\">\n\t\t\t\t\t\t<div class=\"elementor-element elementor-element-bad3bed elementor-widget elementor-widget-heading\" data-id=\"bad3bed\" data-element_type=\"widget\" data-widget_type=\"heading.default\">\n\t\t\t\t<div class=\"elementor-widget-container\">\n\t\t\t\t\t<h1 class=\"elementor-heading-title elementor-size-default\">INSCRIPCI\u00d3N EN L\u00cdNEA\n<\/h1>\t\t\t\t<\/div>\n\t\t\t\t<\/div>\n\t\t\t\t\t<\/div>\n\t\t<\/div>\n\t\t\t\t\t<\/div>\n\t\t<\/section>\n\t\t<div class=\"elementor-element elementor-element-9cf73f5 e-flex e-con-boxed e-con e-parent\" data-id=\"9cf73f5\" data-element_type=\"container\">\n\t\t\t\t\t<div class=\"e-con-inner\">\n\t\t\t\t<div class=\"elementor-element elementor-element-7ab44ea elementor-widget elementor-widget-image\" data-id=\"7ab44ea\" data-element_type=\"widget\" data-widget_type=\"image.default\">\n\t\t\t\t<div class=\"elementor-widget-container\">\n\t\t\t\t\t\t\t\t\t\t\t\t\t\t\t<img decoding=\"async\" width=\"150\" height=\"150\" src=\"https:\/\/usadrugtesting.org\/spanish\/wp-content\/uploads\/2023\/10\/cropped-USA_DRUGTEST_CONSORTIUMinc_Logo_v3-150x150-1-87x87.png\" class=\"attachment-large size-large wp-image-501\" alt=\"\" srcset=\"https:\/\/usadrugtesting.org\/spanish\/wp-content\/uploads\/2023\/10\/cropped-USA_DRUGTEST_CONSORTIUMinc_Logo_v3-150x150-1.png 150w, https:\/\/usadrugtesting.org\/spanish\/wp-content\/uploads\/2023\/10\/cropped-USA_DRUGTEST_CONSORTIUMinc_Logo_v3-150x150-1-87x87.png 87w\" sizes=\"(max-width: 150px) 100vw, 150px\" \/>\t\t\t\t\t\t\t\t\t\t\t\t\t\t\t<\/div>\n\t\t\t\t<\/div>\n\t\t\t\t<div class=\"elementor-element elementor-element-988ea2d elementor-widget elementor-widget-text-editor\" data-id=\"988ea2d\" data-element_type=\"widget\" data-widget_type=\"text-editor.default\">\n\t\t\t\t<div class=\"elementor-widget-container\">\n\t\t\t\t\t\t\t\t\t<h3 class=\"vc_custom_heading\" style=\"text-align: center;\"><span style=\"font-weight: 400;\">Solicitud de Inscripci\u00f3n\/Acuerdo MEMBRES\u00cdA ANUAL DESDE $125<\/span><\/h3><div class=\"wpb_text_column wpb_content_element \"><div class=\"wpb_wrapper\"><p style=\"text-align: center;\"><span style=\"font-weight: 400;\">(Los precios pueden variar seg\u00fan el n\u00famero de conductores)<\/span><\/p><div dir=\"ltr\"><h3 style=\"text-align: center;\"><span style=\"font-weight: 400;\">POR TIEMPO LIMITADO, Capacitaci\u00f3n GRATUITA para Supervisores<\/span><\/h3><\/div><\/div><\/div>\t\t\t\t\t\t\t\t<\/div>\n\t\t\t\t<\/div>\n\t\t\t\t\t<\/div>\n\t\t\t\t<\/div>\n\t\t<div class=\"elementor-element elementor-element-80ce617 e-flex e-con-boxed e-con e-parent\" data-id=\"80ce617\" data-element_type=\"container\">\n\t\t\t\t\t<div class=\"e-con-inner\">\n\t\t\t\t<div class=\"elementor-element elementor-element-32e3f07 elementor-widget elementor-widget-heading\" data-id=\"32e3f07\" data-element_type=\"widget\" data-widget_type=\"heading.default\">\n\t\t\t\t<div class=\"elementor-widget-container\">\n\t\t\t\t\t<p class=\"elementor-heading-title elementor-size-default\">ENV\u00cdE LA SOLICITUD Y UN REPRESENTANTE SE COMUNICAR\u00c1 CON USTED PARA PROCEDER CON LA INSCRIPCI\u00d3N Y EL PAGO\nINFORMACI\u00d3N DE SU EMPRESA\n<\/p>\t\t\t\t<\/div>\n\t\t\t\t<\/div>\n\t\t\t\t<div class=\"elementor-element elementor-element-9ee5cd4 elementor-widget elementor-widget-heading\" data-id=\"9ee5cd4\" data-element_type=\"widget\" data-widget_type=\"heading.default\">\n\t\t\t\t<div class=\"elementor-widget-container\">\n\t\t\t\t\t<h3 class=\"elementor-heading-title elementor-size-default\">YOUR COMPANY INFORMATION\n\n<\/h3>\t\t\t\t<\/div>\n\t\t\t\t<\/div>\n\t\t\t\t<div class=\"elementor-element elementor-element-05a893c elementor-widget elementor-widget-shortcode\" data-id=\"05a893c\" data-element_type=\"widget\" data-widget_type=\"shortcode.default\">\n\t\t\t\t<div class=\"elementor-widget-container\">\n\t\t\t\t\t\t\t<div class=\"elementor-shortcode\">\n<div class=\"wpcf7 no-js\" id=\"wpcf7-f702-o1\" lang=\"en-US\" dir=\"ltr\" data-wpcf7-id=\"702\">\n<div class=\"screen-reader-response\"><p role=\"status\" aria-live=\"polite\" aria-atomic=\"true\"><\/p> <ul><\/ul><\/div>\n<form action=\"\/spanish\/wp-json\/wp\/v2\/pages\/704#wpcf7-f702-o1\" method=\"post\" class=\"wpcf7-form init\" aria-label=\"Contact form\" novalidate=\"novalidate\" data-status=\"init\">\n<div style=\"display: none;\">\n<input type=\"hidden\" name=\"_wpcf7\" value=\"702\" \/>\n<input type=\"hidden\" name=\"_wpcf7_version\" value=\"6.0.6\" \/>\n<input type=\"hidden\" name=\"_wpcf7_locale\" value=\"en_US\" \/>\n<input type=\"hidden\" name=\"_wpcf7_unit_tag\" value=\"wpcf7-f702-o1\" \/>\n<input type=\"hidden\" name=\"_wpcf7_container_post\" value=\"0\" \/>\n<input type=\"hidden\" name=\"_wpcf7_posted_data_hash\" value=\"\" \/>\n<input type=\"hidden\" name=\"_wpcf7cf_hidden_group_fields\" value=\"[]\" \/>\n<input type=\"hidden\" name=\"_wpcf7cf_hidden_groups\" value=\"[]\" \/>\n<input type=\"hidden\" name=\"_wpcf7cf_visible_groups\" value=\"[]\" \/>\n<input type=\"hidden\" name=\"_wpcf7cf_repeaters\" value=\"[]\" \/>\n<input type=\"hidden\" name=\"_wpcf7cf_steps\" value=\"{}\" \/>\n<input type=\"hidden\" name=\"_wpcf7cf_options\" value=\"{&quot;form_id&quot;:702,&quot;conditions&quot;:[{&quot;then_field&quot;:&quot;Driver&quot;,&quot;and_rules&quot;:[{&quot;if_field&quot;:&quot;radio-131&quot;,&quot;operator&quot;:&quot;equals&quot;,&quot;if_value&quot;:&quot;S\\u00ed&quot;}]}],&quot;settings&quot;:{&quot;animation&quot;:&quot;yes&quot;,&quot;animation_intime&quot;:200,&quot;animation_outtime&quot;:200,&quot;conditions_ui&quot;:&quot;normal&quot;,&quot;notice_dismissed&quot;:false}}\" \/>\n<\/div>\n<div class=\"container\" style=\"display:flex;gap:10px;\">\n\t<p><span class=\"wpcf7-form-control-wrap\" data-name=\"text-204\"><input size=\"40\" maxlength=\"400\" class=\"wpcf7-form-control wpcf7-text wpcf7-validates-as-required\" aria-required=\"true\" aria-invalid=\"false\" placeholder=\"Nombre de la Empresa\" value=\"\" type=\"text\" name=\"text-204\" \/><\/span><br \/>\n<span class=\"wpcf7-form-control-wrap\" data-name=\"text-205\"><input size=\"40\" maxlength=\"400\" class=\"wpcf7-form-control wpcf7-text wpcf7-validates-as-required\" aria-required=\"true\" aria-invalid=\"false\" placeholder=\"N\u00famero DOT\" value=\"\" type=\"text\" name=\"text-205\" \/><\/span>\n\t<\/p>\n\t<p><span class=\"wpcf7-form-control-wrap\" data-name=\"number-861\"><input class=\"wpcf7-form-control wpcf7-number wpcf7-validates-as-required wpcf7-validates-as-number\" aria-required=\"true\" aria-invalid=\"false\" placeholder=\"Tel\u00e9fono\" value=\"\" type=\"number\" name=\"number-861\" \/><\/span><br \/>\n<span class=\"wpcf7-form-control-wrap\" data-name=\"email-425\"><input size=\"40\" maxlength=\"400\" class=\"wpcf7-form-control wpcf7-email wpcf7-validates-as-required wpcf7-text wpcf7-validates-as-email\" aria-required=\"true\" aria-invalid=\"false\" placeholder=\"Correo Electr\u00f3nico\" value=\"\" type=\"email\" name=\"email-425\" \/><\/span>\n\t<\/p>\n<\/div>\n<div style=\"width:100%;\">\n\t<p>INFORMACI\u00d3N: CONDUCTOR (ES) A INSCRIBIR\n\t<\/p>\n<\/div>\n<div class=\"container mobileres\" style=\"display:flex;gap:10px;\">\n\t<div >\n\t\t<p><span class=\"wpcf7-form-control-wrap\" data-name=\"text-215\"><input size=\"40\" maxlength=\"400\" class=\"wpcf7-form-control wpcf7-text wpcf7-validates-as-required\" aria-required=\"true\" aria-invalid=\"false\" placeholder=\"Nombre\" value=\"\" type=\"text\" name=\"text-215\" \/><\/span>\n\t\t<\/p>\n\t<\/div>\n\t<div >\n\t\t<p><span class=\"wpcf7-form-control-wrap\" data-name=\"text-859\"><input size=\"40\" maxlength=\"400\" class=\"wpcf7-form-control wpcf7-text\" aria-invalid=\"false\" placeholder=\"Segundo Nombre\" value=\"\" type=\"text\" name=\"text-859\" \/><\/span>\n\t\t<\/p>\n\t<\/div>\n\t<div >\n\t\t<p><span class=\"wpcf7-form-control-wrap\" data-name=\"text-950\"><input size=\"40\" maxlength=\"400\" class=\"wpcf7-form-control wpcf7-text\" aria-invalid=\"false\" placeholder=\"Apellido\" value=\"\" type=\"text\" name=\"text-950\" \/><\/span>\n\t\t<\/p>\n\t<\/div>\n\t<div >\n\t\t<p style=\"margin-top:-54px;\"><br \/>\n<label>Fecha de Nacimiento<br \/>\n<\/label><br \/>\n<span class=\"wpcf7-form-control-wrap\" data-name=\"date-93\"><input class=\"wpcf7-form-control wpcf7-date wpcf7-validates-as-date\" aria-invalid=\"false\" placeholder=\"DOB\" value=\"\" type=\"date\" name=\"date-93\" \/><\/span>\n\t\t<\/p>\n\t<\/div>\n<\/div>\n<div class=\"container\">\n\t<p><span class=\"wpcf7-form-control-wrap\" data-name=\"checkbox-340\"><span class=\"wpcf7-form-control wpcf7-checkbox\"><span class=\"wpcf7-list-item first\"><label><input type=\"checkbox\" name=\"checkbox-340[]\" value=\"Conductor con Licencia CDL\" \/><span class=\"wpcf7-list-item-label\">Conductor con Licencia CDL<\/span><\/label><\/span><span class=\"wpcf7-list-item\"><label><input type=\"checkbox\" name=\"checkbox-340[]\" value=\"Licencia de Capit\u00e1n de USCG\" \/><span class=\"wpcf7-list-item-label\">Licencia de Capit\u00e1n de USCG<\/span><\/label><\/span><span class=\"wpcf7-list-item\"><label><input type=\"checkbox\" name=\"checkbox-340[]\" value=\"Miembro de Tripulaci\u00f3n\" \/><span class=\"wpcf7-list-item-label\">Miembro de Tripulaci\u00f3n<\/span><\/label><\/span><span class=\"wpcf7-list-item\"><label><input type=\"checkbox\" name=\"checkbox-340[]\" value=\"Servicio de Aviaci\u00f3n\" \/><span class=\"wpcf7-list-item-label\">Servicio de Aviaci\u00f3n<\/span><\/label><\/span><span class=\"wpcf7-list-item last\"><label><input type=\"checkbox\" name=\"checkbox-340[]\" value=\"Otros (No DOT)\" \/><span class=\"wpcf7-list-item-label\">Otros (No DOT)<\/span><\/label><\/span><\/span><\/span>\n\t<\/p>\n<\/div>\n<p>\u00bfHas realizado un examen de drogas y alcohol en los \u00faltimos 3 meses? (obligatorio)\n<\/p>\n<p><span class=\"wpcf7-form-control-wrap\" data-name=\"radio-201\"><span class=\"wpcf7-form-control wpcf7-radio\"><span class=\"wpcf7-list-item first\"><label><input type=\"radio\" name=\"radio-201\" value=\"S\u00ed\" checked=\"checked\" \/><span class=\"wpcf7-list-item-label\">S\u00ed<\/span><\/label><\/span><span class=\"wpcf7-list-item last\"><label><input type=\"radio\" name=\"radio-201\" value=\"No\" \/><span class=\"wpcf7-list-item-label\">No<\/span><\/label><\/span><\/span><\/span>\n<\/p>\n<p>\u00bfEst\u00e1s a\u00f1adiendo conductores adicionales adem\u00e1s de ti?\n<\/p>\n<p><span class=\"wpcf7-form-control-wrap\" data-name=\"radio-131\"><span class=\"wpcf7-form-control wpcf7-radio\"><span class=\"wpcf7-list-item first\"><label><input type=\"radio\" name=\"radio-131\" value=\"S\u00ed\" \/><span class=\"wpcf7-list-item-label\">S\u00ed<\/span><\/label><\/span><span class=\"wpcf7-list-item last\"><label><input type=\"radio\" name=\"radio-131\" value=\"No\" checked=\"checked\" \/><span class=\"wpcf7-list-item-label\">No<\/span><\/label><\/span><\/span><\/span>\n<\/p>\n<div data-id=\"Driver\" data-orig_data_id=\"Driver\"  data-class=\"wpcf7cf_group\">\n\t<div class=\"container mobileres\" style=\"display:flex;gap:10px;\">\n\t\t<div >\n\t\t\t<p>N\u00famero de conductores?<br \/>\n<span class=\"wpcf7-form-control-wrap\" data-name=\"text-216\"><input size=\"40\" maxlength=\"400\" class=\"wpcf7-form-control wpcf7-text wpcf7-validates-as-required\" aria-required=\"true\" aria-invalid=\"false\" placeholder=\"N\u00famero de conductores\" value=\"\" type=\"text\" name=\"text-216\" \/><\/span>\n\t\t\t<\/p>\n\t\t<\/div>\n\t<\/div>\n<\/div>\n<p><span class=\"wpcf7-form-control-wrap\" data-name=\"checkbox-351\"><span class=\"wpcf7-form-control wpcf7-checkbox\"><span class=\"wpcf7-list-item first last\"><label><input type=\"checkbox\" name=\"checkbox-351[]\" value=\"Al marcar esta casilla, comprendo que al unirme a este consorcio y no negarme a someterme a las pruebas cuando sea seleccionado, cumplo con los requisitos de 46 CFR Parts 4, 5, 16 y 49 CFR Part 40 y 14 CFR Part 120 para pruebas de drogas y alcohol seg\u00fan las regulaciones de DHS, DOT, FMCSA, FTA, PHMSA y FAA. Este programa me pondr\u00e1 en pleno cumplimiento de las leyes federales de pruebas de drogas. Entiendo que esta membres\u00eda no incluye el Drug&amp;Alcohol Clearinghouse. Adem\u00e1s, comprendo que la membres\u00eda continua en el consorcio requerir\u00e1 un pago anual de la tarifa de membres\u00eda, adem\u00e1s del cargo que est\u00e9 en efecto para las pruebas y el procesamiento de la muestra cuando sea seleccionado al azar. Las tarifas actuales son de $75 para Pruebas de Drogas al Azar y Pruebas de Alcohol. Todas las tarifas est\u00e1n sujetas a cambios. Tambi\u00e9n entiendo que puedo solicitar la eliminaci\u00f3n de mi nombre de la membres\u00eda del consorcio por cualquier motivo, en cualquier momento, notificando a USA Drug Testing Consortium Inc. o no renovando mi membres\u00eda en la fecha de vencimiento.\" \/><span class=\"wpcf7-list-item-label\">Al marcar esta casilla, comprendo que al unirme a este consorcio y no negarme a someterme a las pruebas cuando sea seleccionado, cumplo con los requisitos de 46 CFR Parts 4, 5, 16 y 49 CFR Part 40 y 14 CFR Part 120 para pruebas de drogas y alcohol seg\u00fan las regulaciones de DHS, DOT, FMCSA, FTA, PHMSA y FAA. Este programa me pondr\u00e1 en pleno cumplimiento de las leyes federales de pruebas de drogas. Entiendo que esta membres\u00eda no incluye el Drug&amp;Alcohol Clearinghouse. Adem\u00e1s, comprendo que la membres\u00eda continua en el consorcio requerir\u00e1 un pago anual de la tarifa de membres\u00eda, adem\u00e1s del cargo que est\u00e9 en efecto para las pruebas y el procesamiento de la muestra cuando sea seleccionado al azar. Las tarifas actuales son de $75 para Pruebas de Drogas al Azar y Pruebas de Alcohol. Todas las tarifas est\u00e1n sujetas a cambios. Tambi\u00e9n entiendo que puedo solicitar la eliminaci\u00f3n de mi nombre de la membres\u00eda del consorcio por cualquier motivo, en cualquier momento, notificando a USA Drug Testing Consortium Inc. o no renovando mi membres\u00eda en la fecha de vencimiento.<\/span><\/label><\/span><\/span><\/span>\n<\/p>\n<p><input class=\"wpcf7-form-control wpcf7-submit has-spinner\" type=\"submit\" value=\"ENVIAR SOLICITUD\" \/>\n<\/p><div class=\"wpcf7-response-output\" aria-hidden=\"true\"><\/div>\n<\/form>\n<\/div>\n<\/div>\n\t\t\t\t\t\t<\/div>\n\t\t\t\t<\/div>\n\t\t\t\t\t<\/div>\n\t\t\t\t<\/div>\n\t\t\t\t<\/div>\n\t\t","protected":false},"excerpt":{"rendered":"<p>INSCRIPCI\u00d3N EN L\u00cdNEA Solicitud de Inscripci\u00f3n\/Acuerdo MEMBRES\u00cdA ANUAL DESDE $125 (Los precios pueden variar seg\u00fan el n\u00famero de conductores) POR TIEMPO LIMITADO, Capacitaci\u00f3n GRATUITA para Supervisores ENV\u00cdE LA SOLICITUD Y UN REPRESENTANTE SE COMUNICAR\u00c1 CON USTED PARA PROCEDER CON LA INSCRIPCI\u00d3N Y EL PAGO INFORMACI\u00d3N DE SU EMPRESA YOUR COMPANY INFORMATION<\/p>\n","protected":false},"author":1,"featured_media":0,"parent":0,"menu_order":0,"comment_status":"closed","ping_status":"closed","template":"","meta":{"site-sidebar-layout":"no-sidebar","site-content-layout":"page-builder","ast-site-content-layout":"full-width-container","site-content-style":"default","site-sidebar-style":"default","ast-global-header-display":"","ast-banner-title-visibility":"","ast-main-header-display":"","ast-hfb-above-header-display":"","ast-hfb-below-header-display":"","ast-hfb-mobile-header-display":"","site-post-title":"disabled","ast-breadcrumbs-content":"","ast-featured-img":"disabled","footer-sml-layout":"","theme-transparent-header-meta":"","adv-header-id-meta":"","stick-header-meta":"","header-above-stick-meta":"","header-main-stick-meta":"","header-below-stick-meta":"","astra-migrate-meta-layouts":"set","footnotes":""},"class_list":["post-704","page","type-page","status-publish","hentry"],"_links":{"self":[{"href":"https:\/\/usadrugtesting.org\/spanish\/wp-json\/wp\/v2\/pages\/704","targetHints":{"allow":["GET"]}}],"collection":[{"href":"https:\/\/usadrugtesting.org\/spanish\/wp-json\/wp\/v2\/pages"}],"about":[{"href":"https:\/\/usadrugtesting.org\/spanish\/wp-json\/wp\/v2\/types\/page"}],"author":[{"embeddable":true,"href":"https:\/\/usadrugtesting.org\/spanish\/wp-json\/wp\/v2\/users\/1"}],"replies":[{"embeddable":true,"href":"https:\/\/usadrugtesting.org\/spanish\/wp-json\/wp\/v2\/comments?post=704"}],"version-history":[{"count":19,"href":"https:\/\/usadrugtesting.org\/spanish\/wp-json\/wp\/v2\/pages\/704\/revisions"}],"predecessor-version":[{"id":1126,"href":"https:\/\/usadrugtesting.org\/spanish\/wp-json\/wp\/v2\/pages\/704\/revisions\/1126"}],"wp:attachment":[{"href":"https:\/\/usadrugtesting.org\/spanish\/wp-json\/wp\/v2\/media?parent=704"}],"curies":[{"name":"wp","href":"https:\/\/api.w.org\/{rel}","templated":true}]}}