{"id":669,"date":"2023-10-15T05:24:28","date_gmt":"2023-10-15T05:24:28","guid":{"rendered":"http:\/\/localhost\/newteston\/?page_id=669"},"modified":"2023-11-03T07:29:09","modified_gmt":"2023-11-03T07:29:09","slug":"collection-sites","status":"publish","type":"page","link":"https:\/\/usadrugtesting.org\/spanish\/collection-sites\/","title":{"rendered":"COLLECTION SITES"},"content":{"rendered":"\t\t<div data-elementor-type=\"wp-page\" data-elementor-id=\"669\" class=\"elementor elementor-669\">\n\t\t\t\t\t\t<section class=\"elementor-section elementor-top-section elementor-element elementor-element-1846f7e elementor-section-boxed elementor-section-height-default elementor-section-height-default\" data-id=\"1846f7e\" data-element_type=\"section\" data-settings=\"{&quot;background_background&quot;:&quot;classic&quot;}\">\n\t\t\t\t\t\t\t<div class=\"elementor-background-overlay\"><\/div>\n\t\t\t\t\t\t\t<div class=\"elementor-container elementor-column-gap-no\">\n\t\t\t\t\t<div class=\"elementor-column elementor-col-100 elementor-top-column elementor-element elementor-element-7c62425\" data-id=\"7c62425\" data-element_type=\"column\">\n\t\t\t<div class=\"elementor-widget-wrap elementor-element-populated\">\n\t\t\t\t\t\t<div class=\"elementor-element elementor-element-5931be7 elementor-widget elementor-widget-heading\" data-id=\"5931be7\" data-element_type=\"widget\" data-widget_type=\"heading.default\">\n\t\t\t\t<div class=\"elementor-widget-container\">\n\t\t\t\t\t<h1 class=\"elementor-heading-title elementor-size-default\">SITIOS DE RECOLECCI\u00d3N\n<\/h1>\t\t\t\t<\/div>\n\t\t\t\t<\/div>\n\t\t\t\t\t<\/div>\n\t\t<\/div>\n\t\t\t\t\t<\/div>\n\t\t<\/section>\n\t\t<div class=\"elementor-element elementor-element-a8a0a95 e-flex e-con-boxed e-con e-parent\" data-id=\"a8a0a95\" data-element_type=\"container\">\n\t\t\t\t\t<div class=\"e-con-inner\">\n\t\t\t\t<div class=\"elementor-element elementor-element-45c47be elementor-widget elementor-widget-heading\" data-id=\"45c47be\" data-element_type=\"widget\" data-widget_type=\"heading.default\">\n\t\t\t\t<div class=\"elementor-widget-container\">\n\t\t\t\t\t<h2 class=\"elementor-heading-title elementor-size-default\">INFORMACI\u00d3N ESENCIAL PARA EMPLEADORES SUJETOS A LAS REGULACIONES DEL DOT SOBRE LAS PRUEBAS DE DROGAS Y ALCOHOL\n<\/h2>\t\t\t\t<\/div>\n\t\t\t\t<\/div>\n\t\t\t\t<div class=\"elementor-element elementor-element-3354249 elementor-widget elementor-widget-text-editor\" data-id=\"3354249\" data-element_type=\"widget\" data-widget_type=\"text-editor.default\">\n\t\t\t\t<div class=\"elementor-widget-container\">\n\t\t\t\t\t\t\t\t\t<p>\u00a0<\/p><p><span style=\"font-weight: 400;\">LO QUE LOS EMPLEADORES NECESITAN SABER SOBRE LAS PRUEBAS DE DROGAS Y ALCOHOL DEL DOT<\/span><\/p><p><span style=\"font-weight: 400;\">Si tiene un sitio de recolecci\u00f3n preferido que le gustar\u00eda que utilicemos, por favor incluya el nombre, la direcci\u00f3n con el c\u00f3digo postal y el n\u00famero de tel\u00e9fono en su solicitud de registro. En la mayor\u00eda de los casos, podremos utilizar esa ubicaci\u00f3n para sus pruebas.<\/span><\/p><p><span style=\"font-weight: 400;\">Por lo general, Quest Labs, LabCorp, Concentra u Occupational Health son nuestras instalaciones de prueba principales. Tienen numerosas oficinas en cada estado. Sin embargo, si no tienen una ubicaci\u00f3n lo suficientemente cercana a usted, utilizaremos un hospital cercano o autorizaremos a un m\u00e9dico local.<\/span><\/p><p><span style=\"font-weight: 400;\">Nota: No todos los laboratorios est\u00e1n autorizados para realizar pruebas de detecci\u00f3n de drogas en orina. Por lo tanto, le recomendamos verificar los enlaces a continuaci\u00f3n para asegurarse de que una ubicaci\u00f3n ofrezca el tipo de servicio necesario o llamarnos al<\/span><\/p>\t\t\t\t\t\t\t\t<\/div>\n\t\t\t\t<\/div>\n\t\t\t\t<div class=\"elementor-element elementor-element-8fcabba elementor-align-center elementor-widget elementor-widget-button\" data-id=\"8fcabba\" data-element_type=\"widget\" data-widget_type=\"button.default\">\n\t\t\t\t<div class=\"elementor-widget-container\">\n\t\t\t\t\t\t\t\t\t<div class=\"elementor-button-wrapper\">\n\t\t\t\t\t<a class=\"elementor-button elementor-button-link elementor-size-sm\" href=\"#\">\n\t\t\t\t\t\t<span class=\"elementor-button-content-wrapper\">\n\t\t\t\t\t\t\t\t\t<span class=\"elementor-button-text\">&#128222;(972) 910-2727<\/span>\n\t\t\t\t\t<\/span>\n\t\t\t\t\t<\/a>\n\t\t\t\t<\/div>\n\t\t\t\t\t\t\t\t<\/div>\n\t\t\t\t<\/div>\n\t\t\t\t\t<\/div>\n\t\t\t\t<\/div>\n\t\t\t\t<\/div>\n\t\t","protected":false},"excerpt":{"rendered":"<p>SITIOS DE RECOLECCI\u00d3N INFORMACI\u00d3N ESENCIAL PARA EMPLEADORES SUJETOS A LAS REGULACIONES DEL DOT SOBRE LAS PRUEBAS DE DROGAS Y ALCOHOL \u00a0 LO QUE LOS EMPLEADORES NECESITAN SABER SOBRE LAS PRUEBAS DE DROGAS Y ALCOHOL DEL DOT Si tiene un sitio de recolecci\u00f3n preferido que le gustar\u00eda que utilicemos, por favor incluya el nombre, la direcci\u00f3n &hellip;<\/p>\n<p class=\"read-more\"> <a class=\"\" href=\"https:\/\/usadrugtesting.org\/spanish\/collection-sites\/\"> <span class=\"screen-reader-text\">COLLECTION SITES<\/span> Read More &raquo;<\/a><\/p>\n","protected":false},"author":1,"featured_media":0,"parent":0,"menu_order":0,"comment_status":"closed","ping_status":"closed","template":"","meta":{"site-sidebar-layout":"no-sidebar","site-content-layout":"page-builder","ast-site-content-layout":"full-width-container","site-content-style":"default","site-sidebar-style":"default","ast-global-header-display":"","ast-banner-title-visibility":"","ast-main-header-display":"","ast-hfb-above-header-display":"","ast-hfb-below-header-display":"","ast-hfb-mobile-header-display":"","site-post-title":"disabled","ast-breadcrumbs-content":"","ast-featured-img":"disabled","footer-sml-layout":"","theme-transparent-header-meta":"","adv-header-id-meta":"","stick-header-meta":"","header-above-stick-meta":"","header-main-stick-meta":"","header-below-stick-meta":"","astra-migrate-meta-layouts":"set","footnotes":""},"class_list":["post-669","page","type-page","status-publish","hentry"],"_links":{"self":[{"href":"https:\/\/usadrugtesting.org\/spanish\/wp-json\/wp\/v2\/pages\/669","targetHints":{"allow":["GET"]}}],"collection":[{"href":"https:\/\/usadrugtesting.org\/spanish\/wp-json\/wp\/v2\/pages"}],"about":[{"href":"https:\/\/usadrugtesting.org\/spanish\/wp-json\/wp\/v2\/types\/page"}],"author":[{"embeddable":true,"href":"https:\/\/usadrugtesting.org\/spanish\/wp-json\/wp\/v2\/users\/1"}],"replies":[{"embeddable":true,"href":"https:\/\/usadrugtesting.org\/spanish\/wp-json\/wp\/v2\/comments?post=669"}],"version-history":[{"count":25,"href":"https:\/\/usadrugtesting.org\/spanish\/wp-json\/wp\/v2\/pages\/669\/revisions"}],"predecessor-version":[{"id":1116,"href":"https:\/\/usadrugtesting.org\/spanish\/wp-json\/wp\/v2\/pages\/669\/revisions\/1116"}],"wp:attachment":[{"href":"https:\/\/usadrugtesting.org\/spanish\/wp-json\/wp\/v2\/media?parent=669"}],"curies":[{"name":"wp","href":"https:\/\/api.w.org\/{rel}","templated":true}]}}